{"id":201,"date":"2015-04-26T23:18:15","date_gmt":"2015-04-27T02:18:15","guid":{"rendered":"http:\/\/www.enopu.edu.uy\/?page_id=201"},"modified":"2026-02-18T10:26:20","modified_gmt":"2026-02-18T13:26:20","slug":"principal","status":"publish","type":"page","link":"http:\/\/www.enopu.edu.uy\/en\/","title":{"rendered":"Home"},"content":{"rendered":"<p><div class=\"omsc-one-third\">\n<h2><a href=\"http:\/\/www.enopu.edu.uy\/?page_id=35\">Courses<\/a><\/h2>\n<p>ENOPU gives pre-deployment courses recommended by the United Nations for personnel who will serve in Peace Missions. Additionally, it trains people who have any possible role, whether they are&#8230; <a class=\"omsc-button omsc-no-custom-hover omsc-size-medium omsc-add-tooltip omsc-style-flat omsc-text-bright\" href=\"http:\/\/www.enopu.edu.uy\/?page_id=35\" style=\"color:#ffffff\" data-tooltip=\"More information\">+<\/a><br \/><div class=\"clear\"><\/div><\/div><\/p>\n<div class=\"omsc-one-third\">\n<h2><a href=\"http:\/\/www.enopu.edu.uy\/?page_id=51\">Instructors<\/a><\/h2>\n<p>The school has a varied team of instructors, with extensive knowledge of the topics covered, generally gained through their own experience working in Uruguay and\/or overseas. They belong to&#8230; <a class=\"omsc-button omsc-no-custom-hover omsc-size-medium omsc-add-tooltip omsc-style-flat omsc-text-bright\" href=\"http:\/\/www.enopu.edu.uy\/?page_id=51\" style=\"color:#ffffff\" data-tooltip=\"More information\">+<\/a><br \/><div class=\"clear\"><\/div><\/div>\n<div class=\"omsc-one-third omsc-last\">\n<h2><a href=\"http:\/\/www.enopu.edu.uy\/?page_id=4\">Students<\/a><\/h2>\n<p>Nearly two decades of experience have seen the formation of more than 9000 national students and more than 650 foreign students, from 32 different countries, across&#8230;. <a class=\"omsc-button omsc-no-custom-hover omsc-size-medium omsc-add-tooltip omsc-style-flat omsc-text-bright\" href=\"http:\/\/www.enopu.edu.uy\/?page_id=4\" style=\"color:#ffffff\" data-tooltip=\"More information\">+<\/a><br \/><div class=\"clear\"><\/div><\/div><div class=\"omsc-clear\"><\/div>\n<div class=\"omsc-one-third\">\n<p><a href=\"http:\/\/www.enopu.edu.uy\/wp-content\/uploads\/x.jpg\" data-rel=\"lightbox-image-0\" data-rl_title=\"\" data-rl_caption=\"\" title=\"\"><img loading=\"lazy\" decoding=\"async\" class=\"alignright wp-image-3233\" src=\"http:\/\/www.enopu.edu.uy\/wp-content\/uploads\/x-600x449.jpg\" alt=\"\" width=\"565\" height=\"423\" srcset=\"http:\/\/www.enopu.edu.uy\/wp-content\/uploads\/x-600x449.jpg 600w, http:\/\/www.enopu.edu.uy\/wp-content\/uploads\/x-768x575.jpg 768w, http:\/\/www.enopu.edu.uy\/wp-content\/uploads\/x.jpg 1024w, http:\/\/www.enopu.edu.uy\/wp-content\/uploads\/x-624x467.jpg 624w\" sizes=\"(max-width: 565px) 100vw, 565px\" \/><\/a><\/p>\n<p><div class=\"clear\"><\/div><\/div><br \/><a href=\"https:\/\/elsiefund.org\"><img loading=\"lazy\" decoding=\"async\" class=\"alignleft wp-image-3534\" src=\"http:\/\/www.enopu.edu.uy\/wp-content\/uploads\/imagen_2023-03-20_092350431.png\" alt=\"\" width=\"212\" height=\"100\" \/><\/a><br \/><div class=\"omsc-one-third\">\n<div style=\"width: 300px; height: 200px; position: relative; margin-left: auto; margin-right: auto;\"><a style=\"color: #fff;\" href=\"http:\/\/www.enopu.edu.uy\/?page_id=35\">\u00a0<\/a><\/div>\n<p><div class=\"clear\"><\/div><\/div><\/p>\n<div class=\"omsc-one-third omsc-last\">\n<div style=\"width: 300px; height: 200px; position: relative; margin-left: auto; margin-right: auto;\"><a href=\"http:\/\/www.enopu.edu.uy\/?page_id=33\">\u00a0<\/a><\/div>\n<p><div class=\"clear\"><\/div><\/div><div class=\"omsc-clear\"><\/div>\n<h2 style=\"margin-top: 0;\"><a href=\"http:\/\/www.enopu.edu.uy\/?cat=1\">News<\/a><\/h2>\n<div class=\"omsc-recent-posts\"><div class=\"omsc-recent-posts-item omsc-one-third\"><div class=\"omsc-recent-posts-title\"><h3><a href=\"http:\/\/www.enopu.edu.uy\/en\/2026\/segundo-curso-basico-para-actores-de-seguridad-en-la-prevencion-del-reclutamiento-de-ninos-ninas-y-adolescentes-en-areas-de-conflictouempe-ecuador\/\">Segundo \u201cCurso B\u00e1sico para Actores de Seguridad en la Prevenci\u00f3n del Reclutamiento de Ni\u00f1os, Ni\u00f1as y Adolescentes en \u00c1reas de Conflicto\u201dUEMPE \u2013 Ecuador<\/a><\/h3><\/div><div class=\"omsc-recent-posts-date\">24 March, 2026<\/div><div class=\"omsc-recent-posts-excerpt\">En l\u00ednea con los compromisos internacionales asumidos para la protecci\u00f3n de los derechos de la ni\u00f1ez en contextos de conflicto armado, se llev\u00f3 a cabo en Quito, Ecuador, del 02 al 06 de Marzo de 2026, el Segundo \u201cCurso B\u00e1sico para Actores de Seguridad en la Prevenci\u00f3n del Reclutamiento de Ni\u00f1os, Ni\u00f1as y Adolescentes en [&hellip;]<\/div><\/div><div class=\"omsc-recent-posts-item omsc-one-third\"><div class=\"omsc-recent-posts-title\"><h3><a href=\"http:\/\/www.enopu.edu.uy\/en\/2026\/uruguay-referente-mundial-en-proteccion-infantil-en-misiones-de-paz\/\">Uruguay: Referente Mundial en Protecci\u00f3n Infantil en Misiones de Paz<\/a><\/h3><\/div><div class=\"omsc-recent-posts-date\">9 March, 2026<\/div><div class=\"omsc-recent-posts-excerpt\">El Ej\u00e9rcito Nacional reafirma su compromiso con los m\u00e1s altos est\u00e1ndares internacionales de conducta y doctrina. En el marco del taller especializado celebrado el 17 de febrero de 2026 en la Misi\u00f3n Permanente de Canad\u00e1 ante las Naciones Unidas (Nueva York), Uruguay fue reconocido oficialmente como el caso de estudio principal y ejemplo de \u00e9xito [&hellip;]<\/div><\/div><div class=\"omsc-recent-posts-item omsc-one-third omsc-last\"><div class=\"omsc-recent-posts-title\"><h3><a href=\"http:\/\/www.enopu.edu.uy\/en\/2026\/visita-de-delegacion-de-la-republica-de-indonesia\/\">Visita de delegaci\u00f3n de la Rep\u00fablica de Indonesia<\/a><\/h3><\/div><div class=\"omsc-recent-posts-date\">9 March, 2026<\/div><div class=\"omsc-recent-posts-excerpt\">En el marco de las actividades internacionales el 27 de febrero del corriente, la ENOPU recibi\u00f3 la visita de una delegaci\u00f3n de la Rep\u00fablica de Indonesia encabezada por el se\u00f1or Embajador, Excelent\u00edsimo Se\u00f1or Sulaiman Syarifl. &nbsp;La delegaci\u00f3n fue recibida por el Sub Director del Sistema Nacional de Apoyo a las Operaciones de Mantenimiento de la [&hellip;]<\/div><\/div><div class=\"omsc-clear\"><\/div><div class=\"omsc-clear\"><\/div><\/div>\n<div class=\"omsc-two-third omsc-last\">\n<h2 style=\"margin-top: 0;\">\u00a0<\/h2>\n<h5>\u00a0<\/h5>\n<p><div class=\"clear\"><\/div><\/div><div class=\"omsc-clear\"><\/div>\n<p><a class=\"omsc-button omsc-no-custom-hover omsc-size-large omsc-style-flat omsc-text-bright\" href=\"http:\/\/www.enopu.edu.uy\/?page_id=33\" style=\"color:#ffffff\">Las Misiones de Paz de las Naciones Unidas ayudan a los pa\u00edses afectados por conflictos b\u00e9licos a crear las condiciones para una paz duradera. Est\u00e1n compuestas por civiles, polic\u00edas y militares.<\/a><\/p>","protected":false},"excerpt":{"rendered":"<p>News<\/p>\n","protected":false},"author":1,"featured_media":0,"parent":0,"menu_order":0,"comment_status":"closed","ping_status":"closed","template":"page-templates\/front-page.php","meta":{"footnotes":""},"_links":{"self":[{"href":"http:\/\/www.enopu.edu.uy\/en\/wp-json\/wp\/v2\/pages\/201"}],"collection":[{"href":"http:\/\/www.enopu.edu.uy\/en\/wp-json\/wp\/v2\/pages"}],"about":[{"href":"http:\/\/www.enopu.edu.uy\/en\/wp-json\/wp\/v2\/types\/page"}],"author":[{"embeddable":true,"href":"http:\/\/www.enopu.edu.uy\/en\/wp-json\/wp\/v2\/users\/1"}],"replies":[{"embeddable":true,"href":"http:\/\/www.enopu.edu.uy\/en\/wp-json\/wp\/v2\/comments?post=201"}],"version-history":[{"count":119,"href":"http:\/\/www.enopu.edu.uy\/en\/wp-json\/wp\/v2\/pages\/201\/revisions"}],"predecessor-version":[{"id":4165,"href":"http:\/\/www.enopu.edu.uy\/en\/wp-json\/wp\/v2\/pages\/201\/revisions\/4165"}],"wp:attachment":[{"href":"http:\/\/www.enopu.edu.uy\/en\/wp-json\/wp\/v2\/media?parent=201"}],"curies":[{"name":"wp","href":"https:\/\/api.w.org\/{rel}","templated":true}]}}