{"id":507,"date":"2015-07-25T23:48:18","date_gmt":"2015-07-26T02:48:18","guid":{"rendered":"http:\/\/www.enopu.edu.uy\/?page_id=507"},"modified":"2017-08-30T13:00:27","modified_gmt":"2017-08-30T16:00:27","slug":"oficiales-estado-mayor-observadores-militares-oficiales-policia","status":"publish","type":"page","link":"http:\/\/www.enopu.edu.uy\/en\/misiones-de-paz\/oficiales-estado-mayor-observadores-militares-oficiales-policia\/","title":{"rendered":"General Staff Officers, Military Observers and Police Officers"},"content":{"rendered":"<p><\/p>\n<table>\n<tbody>\n<tr>\n<th colspan=\"2\">Fecha<\/th>\n<th>Misi\u00f3n<\/th>\n<th>Pa\u00eds<\/th>\n<th>Efectivos<\/th>\n<\/tr>\n<tr>\n<td>2013<\/td>\n<td>2014<\/td>\n<td>MINUSMA<\/td>\n<td>Mali<\/td>\n<td>1<\/td>\n<\/tr>\n<tr>\n<td>2011<\/td>\n<td>2014<\/td>\n<td>UNISFA<\/td>\n<td>Sud\u00e1n<\/td>\n<td>6<\/td>\n<\/tr>\n<tr>\n<td>2009<\/td>\n<td>2010<\/td>\n<td>MINURCAT<\/td>\n<td>Rep. Centroafricana y Chad<\/td>\n<td>1<\/td>\n<\/tr>\n<tr>\n<td>2008<\/td>\n<td>2009<\/td>\n<td>UNOWA<\/td>\n<td>Africa Occidental<\/td>\n<td>2<\/td>\n<\/tr>\n<tr>\n<td>2007<\/td>\n<td>2010<\/td>\n<td>UNMIN<\/td>\n<td>Nepal<\/td>\n<td>8<\/td>\n<\/tr>\n<tr>\n<td>2005<\/td>\n<td>2006<\/td>\n<td>UNOWA<\/td>\n<td>Senegal<\/td>\n<td>2<\/td>\n<\/tr>\n<tr>\n<td>2004<\/td>\n<td>2006<\/td>\n<td>ONUB<\/td>\n<td>Burundi<\/td>\n<td>1<\/td>\n<\/tr>\n<tr>\n<td>2004<\/td>\n<td>presente<\/td>\n<td>MINUSTAH<\/td>\n<td>Hait\u00ed<\/td>\n<td>122<\/td>\n<\/tr>\n<tr>\n<td>2003<\/td>\n<td>2010<\/td>\n<td>UNAMA<\/td>\n<td>Afganist\u00e1n<\/td>\n<td>9<\/td>\n<\/tr>\n<tr>\n<td>2003<\/td>\n<td><\/td>\n<td>MINUCI &#8211; UNOCI<\/td>\n<td>Costa de Marfil<\/td>\n<td>39<\/td>\n<\/tr>\n<tr>\n<td>2000<\/td>\n<td>2008<\/td>\n<td>UNMEE<\/td>\n<td>Etiop\u00eda y Eritrea<\/td>\n<td>23<\/td>\n<\/tr>\n<tr>\n<td>1999<\/td>\n<td>2004<\/td>\n<td>UNAMET &#8211; UNTAET &#8211; UNMISET<\/td>\n<td>Timor Oriental<\/td>\n<td>18<\/td>\n<\/tr>\n<tr>\n<td>1999<\/td>\n<td>2005<\/td>\n<td>UNAMSIL<\/td>\n<td>Sierra Leona<\/td>\n<td>47<\/td>\n<\/tr>\n<tr>\n<td>1999<\/td>\n<td>presente<\/td>\n<td>MONUC &#8211; MONUSCO<\/td>\n<td>Rep. Dem. del Congo<\/td>\n<td>124<\/td>\n<\/tr>\n<tr>\n<td>1997<\/td>\n<td>2005<\/td>\n<td>UNFICYP<\/td>\n<td>Chipre<\/td>\n<td>51<\/td>\n<\/tr>\n<tr>\n<td>1996<\/td>\n<td>2003<\/td>\n<td>UNAVEM III &#8211; MONUA<\/td>\n<td>Angola<\/td>\n<td>32<\/td>\n<\/tr>\n<tr>\n<td>1995<\/td>\n<td>2002<\/td>\n<td>MINUGUA<\/td>\n<td>Guatemala<\/td>\n<td>10<\/td>\n<\/tr>\n<tr>\n<td>1994<\/td>\n<td>2000<\/td>\n<td>UNMOT<\/td>\n<td>Tajikist\u00e1n<\/td>\n<td>36<\/td>\n<\/tr>\n<tr>\n<td>1994<\/td>\n<td>2008<\/td>\n<td>UNOMIG<\/td>\n<td>Georgia<\/td>\n<td>32<\/td>\n<\/tr>\n<tr>\n<td>1994<\/td>\n<td>2008<\/td>\n<td>MINURSO<\/td>\n<td>Sahara Occidental<\/td>\n<td>94<\/td>\n<\/tr>\n<tr>\n<td>1993<\/td>\n<td>1993<\/td>\n<td>MARMIN &#8211; MIDERMIN<\/td>\n<td>Honduras y Nicaragua<\/td>\n<td>4<\/td>\n<\/tr>\n<tr>\n<td>1993<\/td>\n<td>1994<\/td>\n<td>ONUMOZ<\/td>\n<td>Mozambique<\/td>\n<td>43<\/td>\n<\/tr>\n<tr>\n<td>1993<\/td>\n<td>1996<\/td>\n<td>UNAMIR<\/td>\n<td>Rwanda<\/td>\n<td>68<\/td>\n<\/tr>\n<tr>\n<td>1993<\/td>\n<td>2015<\/td>\n<td>UNOMIL-UNMIL<\/td>\n<td>Liberia<\/td>\n<td>43<\/td>\n<\/tr>\n<tr>\n<td>1993<\/td>\n<td>presente<\/td>\n<td>UNHQ<\/td>\n<td>New York<\/td>\n<td>27<\/td>\n<\/tr>\n<tr>\n<td>1992<\/td>\n<td>1993<\/td>\n<td>UNTAC<\/td>\n<td>Camboya<\/td>\n<td>18<\/td>\n<\/tr>\n<tr>\n<td>1992<\/td>\n<td>2003<\/td>\n<td>UNIKOM<\/td>\n<td>Irak y Kuwait<\/td>\n<td>69<\/td>\n<\/tr>\n<tr>\n<td>1988<\/td>\n<td>1991<\/td>\n<td>UNIIMOG<\/td>\n<td>Ir\u00e1n e Irak<\/td>\n<td>10<\/td>\n<\/tr>\n<tr>\n<td>1952<\/td>\n<td>presente<\/td>\n<td>UNMOGIP<\/td>\n<td>India y Pakist\u00e1n<\/td>\n<td>124<\/td>\n<\/tr>\n<tr>\n<td>1935<\/td>\n<td>1936<\/td>\n<td>CM<\/td>\n<td>Chaco Boreal<\/td>\n<td>4<\/td>\n<\/tr>\n<tr>\n<td>1930<\/td>\n<td>1930<\/td>\n<td>CM<\/td>\n<td>Chaco Boreal<\/td>\n<td>4<\/td>\n<\/tr>\n<tr>\n<td><\/td>\n<td><\/td>\n<td><\/td>\n<td><\/td>\n<td><strong>1072<\/strong><\/td>\n<\/tr>\n<\/tbody>\n<\/table>\n<p><small>Nota: para calcular la contribuci\u00f3n total del Uruguay a misiones de paz, a \u00e9stos n\u00fameros, se debe sumar el n\u00famero de intividuos que han integrado (o integran) Contingentes, que han desplegado.<\/small><br \/>\n<small><\/small><br \/>\n<small>Datos actualizados a diciembre de 2015<\/small><\/p>","protected":false},"excerpt":{"rendered":"<p>Fecha Misi\u00f3n Pa\u00eds Efectivos 2013 2014 MINUSMA Mali 1 2011 2014 UNISFA Sud\u00e1n 6 2009 2010 MINURCAT Rep. Centroafricana y Chad 1 2008 2009 UNOWA Africa Occidental 2 2007 2010 UNMIN Nepal 8 2005 2006 UNOWA Senegal 2 2004 2006 ONUB Burundi 1 2004 presente MINUSTAH Hait\u00ed 122 2003 2010 UNAMA Afganist\u00e1n 9 2003 MINUCI [&hellip;]<\/p>\n","protected":false},"author":1,"featured_media":0,"parent":33,"menu_order":6,"comment_status":"closed","ping_status":"closed","template":"","meta":{"footnotes":""},"_links":{"self":[{"href":"http:\/\/www.enopu.edu.uy\/en\/wp-json\/wp\/v2\/pages\/507"}],"collection":[{"href":"http:\/\/www.enopu.edu.uy\/en\/wp-json\/wp\/v2\/pages"}],"about":[{"href":"http:\/\/www.enopu.edu.uy\/en\/wp-json\/wp\/v2\/types\/page"}],"author":[{"embeddable":true,"href":"http:\/\/www.enopu.edu.uy\/en\/wp-json\/wp\/v2\/users\/1"}],"replies":[{"embeddable":true,"href":"http:\/\/www.enopu.edu.uy\/en\/wp-json\/wp\/v2\/comments?post=507"}],"version-history":[{"count":15,"href":"http:\/\/www.enopu.edu.uy\/en\/wp-json\/wp\/v2\/pages\/507\/revisions"}],"predecessor-version":[{"id":2699,"href":"http:\/\/www.enopu.edu.uy\/en\/wp-json\/wp\/v2\/pages\/507\/revisions\/2699"}],"up":[{"embeddable":true,"href":"http:\/\/www.enopu.edu.uy\/en\/wp-json\/wp\/v2\/pages\/33"}],"wp:attachment":[{"href":"http:\/\/www.enopu.edu.uy\/en\/wp-json\/wp\/v2\/media?parent=507"}],"curies":[{"name":"wp","href":"https:\/\/api.w.org\/{rel}","templated":true}]}}