{"id":6,"date":"2015-04-06T00:16:23","date_gmt":"2015-04-06T03:16:23","guid":{"rendered":"http:\/\/www.enopu.edu.uy\/?page_id=6"},"modified":"2015-07-26T17:25:37","modified_gmt":"2015-07-26T20:25:37","slug":"terminos","status":"publish","type":"page","link":"http:\/\/www.enopu.edu.uy\/en\/terminos\/","title":{"rendered":"Condiciones de uso"},"content":{"rendered":"<p>La utilizaci\u00f3n de este sitio entra\u00f1a la aceptaci\u00f3n de las siguientes condiciones:<\/p>\n<p>(a) La ENOPU mantiene este sitio en la Web (el &#8220;sitio&#8221;) en atenci\u00f3n a quienes deseen acceder a \u00e9l (los &#8220;usuarios&#8221;). La informaci\u00f3n aqu\u00ed presentada tiene fines exclusivamente informativos. La ENOPU autoriza a los usuarios a visitar el sitio y a descargar y copiar la informaci\u00f3n, los documentos y los materiales (denominados colectivamente &#8220;materiales&#8221;) que contiene para su uso personal y no comercial, sin derecho alguno a revenderlos o distribuirlos ni a preparar compilaciones o trabajos derivados de ellos, con sujeci\u00f3n a las condiciones expuestas a continuaci\u00f3n, as\u00ed como a las restricciones de car\u00e1cter m\u00e1s espec\u00edfico que puedan aplicarse a determinados materiales incluidos en este sitio;<\/p>\n<p>(b) La ENOPU administra este sitio. Todos los materiales de la ENOPU que aparezcan en \u00e9l estar\u00e1n sujetos a las presentes condiciones;<\/p>\n<p>(c) A menos que se indique expl\u00edcitamente lo contrario, las interpretaciones y conclusiones expresadas en los materiales que figuran en este sitio ser\u00e1n los de los diversos funcionarios, instructores, alumnos y asesores de la ENOPU que hayan preparado el trabajo y no representar\u00e1n necesariamente las opiniones de la ENOPU.<\/p>\n<h2>Descargos de responsabilidad<\/h2>\n<p>Los materiales publicados en este sitio se proporcionan tal como aqu\u00ed aparecen y sin ning\u00fan tipo de garant\u00eda, ya sea expl\u00edcita o impl\u00edcita, incluidas, pero sin limitarse a ellas, las garant\u00edas de la calidad comercial, utilidad para determinado prop\u00f3sito y protecci\u00f3n contra infracciones. En particular, la ENOPU no da garant\u00edas ni responde de que dichos materiales sean exactos o completos. La ENOPU ampl\u00eda, modifica, mejora o actualiza peri\u00f3dicamente los materiales contenidos en este sitio sin previo aviso. Bajo ninguna circunstancia la ENOPU ser\u00e1 responsable de las p\u00e9rdidas, los da\u00f1os, las obligaciones o los gastos presuntamente derivados de la utilizaci\u00f3n de este sitio, incluidos, pero sin limitarse a ellos, los fallos, errores, omisiones, interrupciones o demoras relacionados con dichos materiales. Los usuarios utilizan este sitio por su cuenta y riesgo. En ning\u00fan caso, incluida la negligencia pero sin limitarse a ella, la ENOPU ser\u00e1 responsable de da\u00f1os directos, indirectos, incidentales, cuantificables o consecuentes, aun cuando se les haya advertido de la posibilidad de tales da\u00f1os.<\/p>\n<p>El usuario reconoce y acepta espec\u00edficamente que la ENOPU no es responsable de los actos de ning\u00fan usuario.<\/p>\n<p>Este sitio puede contener sugerencias, opiniones y declaraciones procedentes de diversas fuentes de informaci\u00f3n. La ENOPU no garantiza ni respalda la exactitud o fiabilidad de las sugerencias, opiniones, declaraciones u otras informaciones provenientes de ninguna fuente de informaci\u00f3n, ning\u00fan usuario de este sitio o cualquier otra persona o entidad. La aceptaci\u00f3n por un usuario de tales sugerencias, opiniones, declaraciones o informaciones ser\u00e1 tambi\u00e9n por su cuenta y riesgo. Ni la ENOPU ni sus funcionarios, instructores, alumnos o asesores, ser\u00e1n responsables ante los usuarios o cualquier otra persona de las inexactitudes, errores, omisiones, interrupciones, supresiones, defectos, alteraciones o utilizaciones de cualquier contenido del sitio o por el momento o el grado en que se produzcan; tampoco ser\u00e1n responsables de las fallas de funcionamiento, los virus inform\u00e1ticos o las interrupciones de la comunicaci\u00f3n, independientemente de su causa, ni por cualesquiera da\u00f1os que de ello se deriven.<\/p>\n<p>La utilizaci\u00f3n de este sitio por el usuario estar\u00e1 sujeta a la aceptaci\u00f3n por este \u00faltimo de la condici\u00f3n de indemnizar a la ENOPU por cualesquiera acciones, reclamaciones, p\u00e9rdidas, da\u00f1os, obligaciones y gastos (incluida una suma razonable por concepto de honorarios de abogados) que se deriven de dicha utilizaci\u00f3n, incluidas, sin l\u00edmite alguno, las reclamaciones en que se aleguen hechos que, de ser ciertos, constituir\u00edan un incumplimiento por el usuario de las presentes Condiciones. Si el usuario no estuviera conforme con alguno de los materiales presentados en este sitio o con alguna de las condiciones de utilizaci\u00f3n, el \u00fanico remedio a que podr\u00eda recurrir ser\u00eda dejar de utilizar el sitio.<\/p>\n<p>Este sitio puede contener enlaces y referencias a sitios de terceros en la Web. Estos sitios no se encuentran bajo el control de la ENOPU y no es responsable de su contenido ni de los enlaces que puedan figurar en ellos. La ENOPU proporciona estos enlaces s\u00f3lo como servicio complementario, y la inclusi\u00f3n de un enlace o referencia no significa que la ENOPU respalde el sitio en cuesti\u00f3n.<\/p>\n<h2>Aspectos generales<\/h2>\n<p>La ENOPU se reserva el derecho exclusivo de modificar, limitar o suspender a su discreci\u00f3n este sitio o cualquiera de los materiales contenidos en \u00e9l en cualquier sentido. La ENOPU no est\u00e1 obligada a tomar en consideraci\u00f3n las necesidades de ning\u00fan usuario para adoptar tales medidas.<\/p>\n<p>La ENOPU se reserva el derecho de denegar a su entera discreci\u00f3n y sin previo aviso el acceso de cualquier usuario a este sitio o a cualquiera de sus componentes.<\/p>\n<p>Ninguna dispensa por la ENOPU de cualquiera de las disposiciones de las presentes Condiciones ser\u00e1 vinculante a menos que se enuncie por escrito y sea firmada por un representante de la ENOPU debidamente autorizado.<\/p>\n<p>Las fronteras, nombres y designaciones geogr\u00e1ficas que figuran en los mapas no implican necesariamente la aprobaci\u00f3n o aceptaci\u00f3n oficial de la ENOPU.<\/p>\n","protected":false},"excerpt":{"rendered":"<p>La utilizaci\u00f3n de este sitio entra\u00f1a la aceptaci\u00f3n de las siguientes condiciones: (a) La ENOPU mantiene este sitio en la Web (el &#8220;sitio&#8221;) en atenci\u00f3n a quienes deseen acceder a \u00e9l (los &#8220;usuarios&#8221;). La informaci\u00f3n aqu\u00ed presentada tiene fines exclusivamente informativos. La ENOPU autoriza a los usuarios a visitar el sitio y a descargar y [&hellip;]<\/p>\n","protected":false},"author":1,"featured_media":0,"parent":0,"menu_order":0,"comment_status":"closed","ping_status":"closed","template":"","meta":{"footnotes":""},"_links":{"self":[{"href":"http:\/\/www.enopu.edu.uy\/en\/wp-json\/wp\/v2\/pages\/6"}],"collection":[{"href":"http:\/\/www.enopu.edu.uy\/en\/wp-json\/wp\/v2\/pages"}],"about":[{"href":"http:\/\/www.enopu.edu.uy\/en\/wp-json\/wp\/v2\/types\/page"}],"author":[{"embeddable":true,"href":"http:\/\/www.enopu.edu.uy\/en\/wp-json\/wp\/v2\/users\/1"}],"replies":[{"embeddable":true,"href":"http:\/\/www.enopu.edu.uy\/en\/wp-json\/wp\/v2\/comments?post=6"}],"version-history":[{"count":3,"href":"http:\/\/www.enopu.edu.uy\/en\/wp-json\/wp\/v2\/pages\/6\/revisions"}],"predecessor-version":[{"id":582,"href":"http:\/\/www.enopu.edu.uy\/en\/wp-json\/wp\/v2\/pages\/6\/revisions\/582"}],"wp:attachment":[{"href":"http:\/\/www.enopu.edu.uy\/en\/wp-json\/wp\/v2\/media?parent=6"}],"curies":[{"name":"wp","href":"https:\/\/api.w.org\/{rel}","templated":true}]}}