{"id":7,"date":"2015-04-06T00:16:41","date_gmt":"2015-04-06T03:16:41","guid":{"rendered":"http:\/\/www.enopu.edu.uy\/?page_id=7"},"modified":"2015-07-26T17:31:38","modified_gmt":"2015-07-26T20:31:38","slug":"privacidad","status":"publish","type":"page","link":"http:\/\/www.enopu.edu.uy\/en\/privacidad\/","title":{"rendered":"Privacidad"},"content":{"rendered":"<p>Una vez que el usuario accede a este sitio, se conserva en los servidores de la ENOPU cierta informaci\u00f3n sobre el usuario, como su direcci\u00f3n IP, su historial de navegaci\u00f3n por el sitio, los programas inform\u00e1ticos utilizados y el tiempo empleado.<\/p>\n<p>Esta informaci\u00f3n no identificar\u00e1 concretamente al usuario y se utilizar\u00e1 s\u00f3lo para analizar el tr\u00e1fico del sitio. Si el usuario revela alguna informaci\u00f3n singular que lo identifique, como su nombre y direcci\u00f3n de correo electr\u00f3nico, en formularios almacenados en este sitio, dicha informaci\u00f3n se utilizar\u00e1 s\u00f3lo para fines internos y no ser\u00e1 objeto de difusi\u00f3n general. Sin embargo, la ENOPU no ser\u00e1n en modo alguno responsables de la seguridad de esa informaci\u00f3n.<\/p>\n","protected":false},"excerpt":{"rendered":"<p>Una vez que el usuario accede a este sitio, se conserva en los servidores de la ENOPU cierta informaci\u00f3n sobre el usuario, como su direcci\u00f3n IP, su historial de navegaci\u00f3n por el sitio, los programas inform\u00e1ticos utilizados y el tiempo empleado. Esta informaci\u00f3n no identificar\u00e1 concretamente al usuario y se utilizar\u00e1 s\u00f3lo para analizar el [&hellip;]<\/p>\n","protected":false},"author":1,"featured_media":0,"parent":0,"menu_order":0,"comment_status":"closed","ping_status":"closed","template":"","meta":{"footnotes":""},"_links":{"self":[{"href":"http:\/\/www.enopu.edu.uy\/en\/wp-json\/wp\/v2\/pages\/7"}],"collection":[{"href":"http:\/\/www.enopu.edu.uy\/en\/wp-json\/wp\/v2\/pages"}],"about":[{"href":"http:\/\/www.enopu.edu.uy\/en\/wp-json\/wp\/v2\/types\/page"}],"author":[{"embeddable":true,"href":"http:\/\/www.enopu.edu.uy\/en\/wp-json\/wp\/v2\/users\/1"}],"replies":[{"embeddable":true,"href":"http:\/\/www.enopu.edu.uy\/en\/wp-json\/wp\/v2\/comments?post=7"}],"version-history":[{"count":3,"href":"http:\/\/www.enopu.edu.uy\/en\/wp-json\/wp\/v2\/pages\/7\/revisions"}],"predecessor-version":[{"id":584,"href":"http:\/\/www.enopu.edu.uy\/en\/wp-json\/wp\/v2\/pages\/7\/revisions\/584"}],"wp:attachment":[{"href":"http:\/\/www.enopu.edu.uy\/en\/wp-json\/wp\/v2\/media?parent=7"}],"curies":[{"name":"wp","href":"https:\/\/api.w.org\/{rel}","templated":true}]}}