{"id":87,"date":"2015-04-06T03:43:20","date_gmt":"2015-04-06T03:43:20","guid":{"rendered":"http:\/\/www.enopu.edu.uy\/?page_id=87"},"modified":"2025-11-04T09:43:19","modified_gmt":"2025-11-04T12:43:19","slug":"textos","status":"publish","type":"page","link":"http:\/\/www.enopu.edu.uy\/en\/recursos-academicos\/biblioteca\/textos\/","title":{"rendered":"Textos"},"content":{"rendered":"<p><\/p>\n<h2>Art\u00edculos<\/h2>\n<ul>\n<li><a href=\"http:\/\/www.enopu.edu.uy\/wp-content\/uploads\/una-grieta-en-haiti.pdf\">Una grieta en Hait\u00ed<\/a>\u00a0(PDF, 8,5 MB)<br \/>\nCarballo, Alvaro (2014)<br \/>\nRevista Quiroga \u00a0a\u00f1o II \u00a0n.\u00a02, \u00a0pp. 34-44<\/li>\n<li><em><a href=\"http:\/\/www.enopu.edu.uy\/wp-content\/uploads\/entrenamiento-del-personal-militar-de-la-region-para-mop-p-5.pdf\">Entrenamiento del Personal Militar de la Regi\u00f3n para MOP (P. 5)<\/a><a href=\"http:\/\/www.enopu.edu.uy\/wp-content\/uploads\/entrenamiento-del-personal-militar-de-la-region-para-mop-p-4.pdf\">\u00a0<\/a><em>(PDF, 585\u00a0KB)<br \/>\nGil, Roberto (2015)<\/em><\/em><\/li>\n<li><em><a href=\"http:\/\/www.enopu.edu.uy\/wp-content\/uploads\/entrenamiento-del-personal-militar-de-la-region-para-mop-p-4.pdf\">Entrenamiento del Personal Militar de la Regi\u00f3n para MOP (P. 4)<\/a><a href=\"http:\/\/www.enopu.edu.uy\/wp-content\/uploads\/entrenamiento-del-personal-militar-de-la-region-para-mop-p-1-2-3.pdf\">\u00a0<\/a><em>(PDF,371 KB)<br \/>\nGil, Roberto (2015)<\/em><\/em><\/li>\n<li><em><a href=\"http:\/\/www.enopu.edu.uy\/wp-content\/uploads\/entrenamiento-del-personal-militar-de-la-region-para-mop-p-1-2-3.pdf\">Entrenamiento del Personal Militar de la Regi\u00f3n para MOP (P. 1-2-3)<\/a> (PDF, 412 KB)<a href=\"http:\/\/www.enopu.edu.uy\/wp-content\/uploads\/entrenamiento-del-personal-militar-de-la-region-para-mop-p-1-2-3.pdf\"><br \/>\n<\/a><\/em>Gil, Roberto (2015)<\/li>\n<li><em><a href=\"http:\/\/www.enopu.edu.uy\/wp-content\/uploads\/articulo-danilo-paiva-operaciones-de-ddr-a-la-luz-del-arte-operacional.pdf\">Operaciones de DDRRR en el Este del Congo, del 2004 al 2007 inclusive<\/a><\/em> (PDF, 1,4 MB)<br \/>\nPaiva, Danilo (2016)<\/li>\n<li><em><a href=\"http:\/\/www.enopu.edu.uy\/wp-content\/uploads\/articulo-gonzalo-mila-proteccion-de-civiles-en-la-rdc.pdf\">Protecci\u00f3n de Civiles en la Rep\u00fablica Democr\u00e1tica del Congo<\/a><\/em> (PDF, 500 KB)<br \/>\nMila, Gonzalo (2016)<\/li>\n<li><em><a href=\"http:\/\/www.enopu.edu.uy\/wp-content\/uploads\/texto-lo-que-debo-saber-antes-de-desplegar.pdf\">Lo que debo saber antes de desplegar<\/a><\/em> (PDF, 4 MB).<br \/>\nMinisterio de Defensa Nacional (2014)<\/li>\n<li><em><a href=\"http:\/\/www.enopu.edu.uy\/wp-content\/uploads\/texto-la-contribucion-de-uruguay-para-operaciones-de-paz-de-naciones-unidas-motivaciones-interpretacion.pdf\">La contribuci\u00f3n de Uruguay para operaciones de paz de Naciones Unidas: acerca de las motivaciones y la interpretaci\u00f3n de su r\u00e9cord<\/a><\/em> (PDF, 1 MB).<br \/>\nGonz\u00e1lez Guyer, Juli\u00e1n (2014)<br \/>\nRevista Uruguaya de Ciencia Pol\u00edtica, vol. 23, n. 1, pp. 41-72. <a href=\"http:\/\/www.scielo.edu.uy\/scielo.php?script=sci_arttext&amp;pid=S1688-499X2014000100002&amp;lng=es&amp;nrm=iso\">En l\u00ednea<\/a>.<\/li>\n<li><em><a href=\"http:\/\/www.enopu.edu.uy\/wp-content\/uploads\/texto-lo-que-debo-saber-antes-de-desplegar.pdf\">Lo que debo saber antes de desplegar<\/a><\/em> (PDF, 4 MB).<br \/>\nMinisterio de Defensa Nacional (2014)<\/li>\n<li><em><a href=\"http:\/\/www.enopu.edu.uy\/wp-content\/uploads\/texto-la-dificil-profesion-de-la-paz.pdf\">La dif\u00edcil profesi\u00f3n de la paz<\/a><\/em> (PDF, 17 MB).<br \/>\nEsteyro, Juan L. (2004)<\/li>\n<li><em><a href=\"http:\/\/www.enopu.edu.uy\/wp-content\/uploads\/texto-50-anos-al-servicio-de-la-paz-mundial-con-la-onu.pdf\">50 a\u00f1os al servicio de la Paz mundial con la ONU<\/a><\/em> (PDF, 4 MB).<br \/>\nEj\u00e9rcito Nacional (2002)<\/li>\n<\/ul>\n<h2>Manuales<\/h2>\n<ul>\n<li><em><a href=\"http:\/\/www.enopu.edu.uy\/wp-content\/uploads\/manual-Protection-of-Civilians-Guidelines-for-Military-Components-2015.pdf\">Protection of Civilians: Implementing Guidelines for Military Components of United Nations Peacekeeping Missions<\/a><\/em> (PDF, 600 KB)<br \/>\nDPKO, DFS (2015)<\/li>\n<li><em><a href=\"http:\/\/www.enopu.edu.uy\/wp-content\/uploads\/manual-UNMUM-Infantry-Battalion-Vol-I-2012.pdf\">United Nations Infantry Battalion Manual, Volume I<\/a><\/em> (PDF, 2,5 MB)<br \/>\nDPKO, DFS (2012)<\/li>\n<li><em><a href=\"http:\/\/www.enopu.edu.uy\/wp-content\/uploads\/manual-UNMUM-Infantry-Battalion-Vol-II-2012.pdf\">United Nations Infantry Battalion Manual, Volume II<\/a><\/em> (PDF, 2,4 MB)<br \/>\nDPKO, DFS (2012)<\/li>\n<li><em><a href=\"http:\/\/www.enopu.edu.uy\/wp-content\/uploads\/manual-UNMUM-Aviation-Unit-2015.pdf\">United Nations Peacekeeping Missions Military Aviation Unit Manual<\/a><\/em> (PDF, 3 MB)<br \/>\nDPKO, DFS (2015)<\/li>\n<li><em><a href=\"http:\/\/www.enopu.edu.uy\/wp-content\/uploads\/manual-UNMUM-Force-Headquarters-2014.pdf\">United Nations Peacekeeping Missions Military Force Headquarters Handbook<\/a><\/em> (PDF, 3 MB)<br \/>\nDPKO, DFS (2014)<\/li>\n<li><em><a href=\"http:\/\/www.enopu.edu.uy\/wp-content\/uploads\/manual-UNMUM-Force-Headquarters-Support-Unit-2015.pdf\">United Nations Peacekeeping Missions Military Force Headquarters Support Unit Manual<\/a><\/em> (PDF, 3 MB)<br \/>\nDPKO, DFS (2015)<\/li>\n<li><em><a href=\"http:\/\/www.enopu.edu.uy\/wp-content\/uploads\/manual-UNMUM-Logistics-Unit-2015.pdf\">United Nations Peacekeeping Missions Military Logistics Unit Manual<\/a><\/em> (PDF, 1 MB)<br \/>\nDPKO, DFS (2015)<\/li>\n<li><em><a href=\"http:\/\/www.enopu.edu.uy\/wp-content\/uploads\/manual-UNMUM-Reconnaissance-Unit-2015.pdf\">United Nations Peacekeeping Missions Military Reconnaissance Unit Manual<\/a><\/em> (PDF, 1,7 MB)<br \/>\nDPKO, DFS (2015)<\/li>\n<li><em><a href=\"http:\/\/www.enopu.edu.uy\/wp-content\/uploads\/manual-UNMUM-Military-Signals-Unit-2015.pdf\">United Nations Peacekeeping Missions Military Signals Unit Manual<\/a><\/em> (PDF, 2 MB)<br \/>\nDPKO, DFS (2015)<\/li>\n<li><em><a href=\"http:\/\/www.enopu.edu.uy\/wp-content\/uploads\/manual-UNMUM-Special-Forces-2015.pdf\">United Nations Peacekeeping Missions Military Special Forces Manual<\/a><\/em> (PDF, 2 MB)<br \/>\nDPKO, DFS (2015)<\/li>\n<\/ul>\n<h2>Documentos de referencia sobre las Naciones Unidas<\/h2>\n<p><a href=\"http:\/\/www.enopu.edu.uy\/wp-content\/uploads\/texto-united-nations-peace-operations-year-in-review-2010.pdf\"><img loading=\"lazy\" decoding=\"async\" class=\"alignright size-full wp-image-478\" src=\"http:\/\/www.enopu.edu.uy\/wp-content\/uploads\/texto-united-nations-peace-operations-year-in-review-2010-tapa.jpg\" alt=\"texto-united-nations-peace-operations-year-in-review-2010-tapa\" width=\"300\" height=\"388\" \/><\/a><\/p>\n<ul>\n<li><em><a href=\"http:\/\/www.enopu.edu.uy\/wp-content\/uploads\/texto-united-nations-peace-operations-year-in-review-2010.pdf\">United Nations Peace Operations: Year in Review 2010<\/a><\/em> (PDF, 7 MB).<br \/>\nPeace and Security Section of the United Nations Department of Public Information (2011)<\/li>\n<li><a href=\"http:\/\/www.un.org\/es\/documents\/\">Repositorio general de documentos de la Naciones Unidas<\/a><\/li>\n<li><a href=\"http:\/\/www.un.org\/es\/documents\/charter\/\">Carta de la ONU<\/a><\/li>\n<li><a href=\"http:\/\/treaties.un.org\/Pages\/Home.aspx?lang=en\">Colecci\u00f3n de Tratados de la ONU<\/a> (en ingl\u00e9s)<\/li>\n<li><a href=\"http:\/\/www.un.org\/es\/acronyms\/index.shtml\">Siglas de las Naciones Unidas<\/a><\/li>\n<li><a href=\"http:\/\/www.un.org\/es\/sc\/documents\/missions\/\">Informes de las misiones del Consejo de Seguridad desde 1992<\/a><\/li>\n<\/ul>\n<p><\/p>","protected":false},"excerpt":{"rendered":"<p>Art\u00edculos Una grieta en Hait\u00ed\u00a0(PDF, 8,5 MB) Carballo, Alvaro (2014) Revista Quiroga \u00a0a\u00f1o II \u00a0n.\u00a02, \u00a0pp. 34-44 Entrenamiento del Personal Militar de la Regi\u00f3n para MOP (P. 5)\u00a0(PDF, 585\u00a0KB) Gil, Roberto (2015) Entrenamiento del Personal Militar de la Regi\u00f3n para MOP (P. 4)\u00a0(PDF,371 KB) Gil, Roberto (2015) Entrenamiento del Personal Militar de la Regi\u00f3n para [&hellip;]<\/p>\n","protected":false},"author":1,"featured_media":0,"parent":57,"menu_order":0,"comment_status":"closed","ping_status":"open","template":"","meta":{"footnotes":""},"_links":{"self":[{"href":"http:\/\/www.enopu.edu.uy\/en\/wp-json\/wp\/v2\/pages\/87"}],"collection":[{"href":"http:\/\/www.enopu.edu.uy\/en\/wp-json\/wp\/v2\/pages"}],"about":[{"href":"http:\/\/www.enopu.edu.uy\/en\/wp-json\/wp\/v2\/types\/page"}],"author":[{"embeddable":true,"href":"http:\/\/www.enopu.edu.uy\/en\/wp-json\/wp\/v2\/users\/1"}],"replies":[{"embeddable":true,"href":"http:\/\/www.enopu.edu.uy\/en\/wp-json\/wp\/v2\/comments?post=87"}],"version-history":[{"count":22,"href":"http:\/\/www.enopu.edu.uy\/en\/wp-json\/wp\/v2\/pages\/87\/revisions"}],"predecessor-version":[{"id":4077,"href":"http:\/\/www.enopu.edu.uy\/en\/wp-json\/wp\/v2\/pages\/87\/revisions\/4077"}],"up":[{"embeddable":true,"href":"http:\/\/www.enopu.edu.uy\/en\/wp-json\/wp\/v2\/pages\/57"}],"wp:attachment":[{"href":"http:\/\/www.enopu.edu.uy\/en\/wp-json\/wp\/v2\/media?parent=87"}],"curies":[{"name":"wp","href":"https:\/\/api.w.org\/{rel}","templated":true}]}}