{"id":89,"date":"2015-04-06T03:43:40","date_gmt":"2015-04-06T03:43:40","guid":{"rendered":"http:\/\/www.enopu.edu.uy\/?page_id=89"},"modified":"2018-04-17T08:39:40","modified_gmt":"2018-04-17T11:39:40","slug":"videos","status":"publish","type":"page","link":"http:\/\/www.enopu.edu.uy\/en\/recursos-academicos\/biblioteca\/videos\/","title":{"rendered":"Videos"},"content":{"rendered":"<p><strong>Presentaci\u00f3n de la ENOPU<\/strong><br \/>\nVideo promocional presentado durante la <a href=\"http:\/\/www.ccopab.eb.mil.br\/iaptc21brazil\/\">21\u00aa conferencia de la Asociaci\u00f3n Internacional de Centros de Entrenamiento de Mantenimiento de la Paz<\/a> (IAPTC) en Brasilia, del 28 de setiembre al 2 de octubre de 2015.<\/p>\n<p><iframe loading=\"lazy\" title=\"ENOPU&#039;s presentation (September 2015)\" width=\"625\" height=\"352\" src=\"https:\/\/www.youtube.com\/embed\/8vLQJHJWAtM?feature=oembed\" frameborder=\"0\" allow=\"accelerometer; autoplay; clipboard-write; encrypted-media; gyroscope; picture-in-picture; web-share\" referrerpolicy=\"strict-origin-when-cross-origin\" allowfullscreen><\/iframe><br \/>\nPor m\u00e1s videos sobre la conferencia, visite el <a href=\"https:\/\/www.youtube.com\/channel\/UCqK8Y6VvF89mpexJVcmQv8w\">canal oficial<\/a> de la conferencia en YouTube.<\/p>\n<p><strong>Presentaci\u00f3n del SINOMAPA<\/strong><br \/>\nVideo promocional de setiembre de 2007, en idioma ingl\u00e9s con subt\u00edtulos en espa\u00f1ol.<\/p>\n<p><iframe loading=\"lazy\" title=\"Presentaci\u00f3n del SINOMAPA (setiembre 2007)\" width=\"625\" height=\"469\" src=\"https:\/\/www.youtube.com\/embed\/vHSZGTX3EKs?feature=oembed\" frameborder=\"0\" allow=\"accelerometer; autoplay; clipboard-write; encrypted-media; gyroscope; picture-in-picture; web-share\" referrerpolicy=\"strict-origin-when-cross-origin\" allowfullscreen><\/iframe><\/p>\n<p><strong><a href=\"http:\/\/www.enopu.edu.uy\/?p=66\">Curso de Coordinaci\u00f3n C\u00edvico-Militar (UNCIMIC)<\/a><\/strong><br \/>\nCurso en ingl\u00e9s.<\/p>\n<p>https:\/\/www.youtube.com\/watch?v=qAGayXLmZBg<\/p>\n<p><strong>Comandando Operaciones de Paz de las Naciones Unidas<\/strong><br \/>\nCurso en ingl\u00e9s y franc\u00e9s.<\/p>\n<p>https:\/\/www.youtube.com\/watch?v=c3YdMNdfopM<\/p>\n<p><strong>Desarme, desmovilizaci\u00f3n y reintegraci\u00f3n (DDR)<\/strong><br \/>\nCurso en ingl\u00e9s, franc\u00e9s y espa\u00f1ol.<\/p>\n<p>https:\/\/www.youtube.com\/watch?v=iRT9RKPb2eM<\/p>","protected":false},"excerpt":{"rendered":"<p>Presentaci\u00f3n de la ENOPU Video promocional presentado durante la 21\u00aa conferencia de la Asociaci\u00f3n Internacional de Centros de Entrenamiento de Mantenimiento de la Paz (IAPTC) en Brasilia, del 28 de setiembre al 2 de octubre de 2015. Por m\u00e1s videos sobre la conferencia, visite el canal oficial de la conferencia en YouTube. Presentaci\u00f3n del SINOMAPA [&hellip;]<\/p>\n","protected":false},"author":1,"featured_media":0,"parent":57,"menu_order":0,"comment_status":"closed","ping_status":"open","template":"","meta":{"footnotes":""},"_links":{"self":[{"href":"http:\/\/www.enopu.edu.uy\/en\/wp-json\/wp\/v2\/pages\/89"}],"collection":[{"href":"http:\/\/www.enopu.edu.uy\/en\/wp-json\/wp\/v2\/pages"}],"about":[{"href":"http:\/\/www.enopu.edu.uy\/en\/wp-json\/wp\/v2\/types\/page"}],"author":[{"embeddable":true,"href":"http:\/\/www.enopu.edu.uy\/en\/wp-json\/wp\/v2\/users\/1"}],"replies":[{"embeddable":true,"href":"http:\/\/www.enopu.edu.uy\/en\/wp-json\/wp\/v2\/comments?post=89"}],"version-history":[{"count":19,"href":"http:\/\/www.enopu.edu.uy\/en\/wp-json\/wp\/v2\/pages\/89\/revisions"}],"predecessor-version":[{"id":3022,"href":"http:\/\/www.enopu.edu.uy\/en\/wp-json\/wp\/v2\/pages\/89\/revisions\/3022"}],"up":[{"embeddable":true,"href":"http:\/\/www.enopu.edu.uy\/en\/wp-json\/wp\/v2\/pages\/57"}],"wp:attachment":[{"href":"http:\/\/www.enopu.edu.uy\/en\/wp-json\/wp\/v2\/media?parent=89"}],"curies":[{"name":"wp","href":"https:\/\/api.w.org\/{rel}","templated":true}]}}